{"id":99,"date":"2013-09-11T12:13:05","date_gmt":"2013-09-11T16:13:05","guid":{"rendered":"http:\/\/condominiums-republique-dominicaine.com\/?page_id=99"},"modified":"2013-09-26T18:09:58","modified_gmt":"2013-09-26T22:09:58","slug":"el-hotel-condos-republique-dominicaine","status":"publish","type":"page","link":"http:\/\/condominiums-republique-dominicaine.com\/es\/el-hotel-condos-republique-dominicaine\/","title":{"rendered":"Resort"},"content":{"rendered":"<div class=\"ten columns add-bottom\">\n<div class=\"picture\">\n<img decoding=\"async\" class=\"scale-with-grid alignnone\" alt=\"picture\" src=\"\/wp-content\/themes\/condo-boca-chica\/img\/about_1.jpg\" \/>\n<\/div>\n<h3>DETALLES DEL RESORT<\/h3>\n<ul>\n<li>Piscina segura<\/li>\n<li>Lugar privado de relajaci\u00f3n<\/li>\n<li>Bar acogedor<\/li>\n<li>Desayuno disponible<\/li>\n<li>Estacionamiento<\/li>\n<li>Wi-Fi (Wireless)<\/li>\n<li>Servicio de seguridad en todo momento (7\/7 y en 24 \/ 24)<\/li>\n<li>Generador en caso de fallo de alimentaci\u00f3n<\/li>\n<li>Servicio de transporte al aeropuerto (con un cargo adicional)<\/li>\n<li>posibilidad de lavander\u00eda (con un cargo adicional)<\/li>\n<li>Dep\u00f3sito de agua tratada para las bacterias y otras<\/li>\n<\/ul>\n<hr \/>\n<h3>OTRA INFORMACI&Oacute;N<\/h3>\n<ul>\n<li>Atm\u00f3sfera del sur<\/li>\n<li>Oportunidad de realizar visitas guiadas en la zona<\/li>\n<li>La ubicaci\u00f3n es privada<\/li>\n<li>Cuenta con m\u00e9dico a domicilio con cargo adicional<\/li>\n<li>Playa segura para los ni\u00f1os<\/li>\n<li>Polic\u00eda tur\u00edstico en la ciudad<\/li>\n<li>Servicios de abogado (bodas, asesoramiento, compra de bienes)<\/li>\n<\/ul>\n<\/div>\n","protected":false},"excerpt":{"rendered":"<p>DETALLES DEL RESORT Piscina segura Lugar privado de relajaci\u00f3n Bar acogedor Desayuno disponible Estacionamiento Wi-Fi (Wireless) Servicio de seguridad en todo momento (7\/7 y en 24 \/ 24) Generador en caso de fallo de alimentaci\u00f3n Servicio de transporte al aeropuerto (con un cargo adicional) posibilidad de lavander\u00eda (con un cargo adicional) Dep\u00f3sito de agua tratada [&hellip;]<\/p>\n","protected":false},"author":1,"featured_media":0,"parent":0,"menu_order":0,"comment_status":"open","ping_status":"open","template":"hotel.php","meta":{"_exactmetrics_skip_tracking":false,"_exactmetrics_sitenote_active":false,"_exactmetrics_sitenote_note":"","_exactmetrics_sitenote_category":0,"ngg_post_thumbnail":0,"footnotes":""},"class_list":["post-99","page","type-page","status-publish","hentry"],"_links":{"self":[{"href":"http:\/\/condominiums-republique-dominicaine.com\/es\/wp-json\/wp\/v2\/pages\/99","targetHints":{"allow":["GET"]}}],"collection":[{"href":"http:\/\/condominiums-republique-dominicaine.com\/es\/wp-json\/wp\/v2\/pages"}],"about":[{"href":"http:\/\/condominiums-republique-dominicaine.com\/es\/wp-json\/wp\/v2\/types\/page"}],"author":[{"embeddable":true,"href":"http:\/\/condominiums-republique-dominicaine.com\/es\/wp-json\/wp\/v2\/users\/1"}],"replies":[{"embeddable":true,"href":"http:\/\/condominiums-republique-dominicaine.com\/es\/wp-json\/wp\/v2\/comments?post=99"}],"version-history":[{"count":8,"href":"http:\/\/condominiums-republique-dominicaine.com\/es\/wp-json\/wp\/v2\/pages\/99\/revisions"}],"predecessor-version":[{"id":193,"href":"http:\/\/condominiums-republique-dominicaine.com\/es\/wp-json\/wp\/v2\/pages\/99\/revisions\/193"}],"wp:attachment":[{"href":"http:\/\/condominiums-republique-dominicaine.com\/es\/wp-json\/wp\/v2\/media?parent=99"}],"curies":[{"name":"wp","href":"https:\/\/api.w.org\/{rel}","templated":true}]}}