{"id":90,"date":"2013-09-11T11:03:36","date_gmt":"2013-09-11T15:03:36","guid":{"rendered":"http:\/\/condominiums-republique-dominicaine.com\/?page_id=90"},"modified":"2013-09-26T18:16:23","modified_gmt":"2013-09-26T22:16:23","slug":"home-2","status":"publish","type":"page","link":"http:\/\/condominiums-republique-dominicaine.com\/es\/","title":{"rendered":"Home"},"content":{"rendered":"<div class=\"eight columns amenities \">\n    <img decoding=\"async\" class=\"scale-with-grid\" alt=\"\" src=\"\/wp-content\/themes\/condo-boca-chica\/img\/hotel.jpg\" \/><\/p>\n<h4>The resort <a href=\"\/es\/el-hotel-condos-republique-dominicaine\/\">para m\u00e1s<\/a><\/h4>\n<p>    En el hotel, podr\u00e1 relajarse junto a la piscina, a la sombra de los cocoteros, podr\u00e1 cenar un platillo local o la especialidad de la casa en el restaurante o si lo prefiere, tomar una copa en el bar mientras se deleita escuchando un merengue.<\/p>\n<p>    Un gerente del hotel le dar\u00e1 la bienvenida en el aeropuerto pues el quiere que ame a esta multifac\u00e9tica isla adem\u00e1s de aconsejarle durante su estancia.<\/p>\n<\/div>\n<div class=\"eight columns amenities\">\n   <img decoding=\"async\" class=\"scale-with-grid\" alt=\"\" src=\"\/wp-content\/themes\/condo-boca-chica\/img\/spa.jpg\" \/><\/p>\n<h4>Boca Chica <a href=\"\/es\/actividades-condos-republique-dominicaine\/\">para m\u00e1s<\/a><\/h4>\n<p>   Condominios Caribe Rep\u00fablica Dominicana &#8211; Boca Chica es una peque\u00f1a ciudad costera en la Rep\u00fablica Dominicana, ubicada a 10 minutos en coche al este del aeropuerto de Santo Domingo y aproximadamente a 25 minutos hacia el este de la zona oeste de Santo Domingo .<\/p>\n<p>   Es famosa por sus aguas cristalinas, tranquilas y poco profundas, as\u00ed como su cercan\u00eda al aeropuerto y la capital, as\u00ed como por su vibrante vida nocturna. Se trata de una de las ciudades m\u00e1s modernas del pa\u00eds y adem\u00e1s cuenta con una playa p\u00fablica.\n<\/p><\/div>\n","protected":false},"excerpt":{"rendered":"<p>The resort para m\u00e1s En el hotel, podr\u00e1 relajarse junto a la piscina, a la sombra de los cocoteros, podr\u00e1 cenar un platillo local o la especialidad de la casa en el restaurante o si lo prefiere, tomar una copa en el bar mientras se deleita escuchando un merengue. Un gerente del hotel le dar\u00e1 [&hellip;]<\/p>\n","protected":false},"author":1,"featured_media":0,"parent":0,"menu_order":0,"comment_status":"open","ping_status":"open","template":"home.php","meta":{"_exactmetrics_skip_tracking":false,"_exactmetrics_sitenote_active":false,"_exactmetrics_sitenote_note":"","_exactmetrics_sitenote_category":0,"ngg_post_thumbnail":0,"footnotes":""},"class_list":["post-90","page","type-page","status-publish","hentry"],"_links":{"self":[{"href":"http:\/\/condominiums-republique-dominicaine.com\/es\/wp-json\/wp\/v2\/pages\/90","targetHints":{"allow":["GET"]}}],"collection":[{"href":"http:\/\/condominiums-republique-dominicaine.com\/es\/wp-json\/wp\/v2\/pages"}],"about":[{"href":"http:\/\/condominiums-republique-dominicaine.com\/es\/wp-json\/wp\/v2\/types\/page"}],"author":[{"embeddable":true,"href":"http:\/\/condominiums-republique-dominicaine.com\/es\/wp-json\/wp\/v2\/users\/1"}],"replies":[{"embeddable":true,"href":"http:\/\/condominiums-republique-dominicaine.com\/es\/wp-json\/wp\/v2\/comments?post=90"}],"version-history":[{"count":9,"href":"http:\/\/condominiums-republique-dominicaine.com\/es\/wp-json\/wp\/v2\/pages\/90\/revisions"}],"predecessor-version":[{"id":198,"href":"http:\/\/condominiums-republique-dominicaine.com\/es\/wp-json\/wp\/v2\/pages\/90\/revisions\/198"}],"wp:attachment":[{"href":"http:\/\/condominiums-republique-dominicaine.com\/es\/wp-json\/wp\/v2\/media?parent=90"}],"curies":[{"name":"wp","href":"https:\/\/api.w.org\/{rel}","templated":true}]}}