{"id":128,"date":"2013-09-11T12:44:42","date_gmt":"2013-09-11T16:44:42","guid":{"rendered":"http:\/\/condominiums-republique-dominicaine.com\/?page_id=128"},"modified":"2013-09-11T12:45:10","modified_gmt":"2013-09-11T16:45:10","slug":"playa-condos-republique-dominicaine","status":"publish","type":"page","link":"http:\/\/condominiums-republique-dominicaine.com\/es\/playa-condos-republique-dominicaine\/","title":{"rendered":"Playa"},"content":{"rendered":"<p>Boca Chica, Rep\u00fablica Dominicana est\u00e1 ubicada en la costa sur de la isla de La Espa\u00f1ola, compartida entre Rep\u00fablica Dominicana y Hait\u00ed. Boca Chica es una de las playas m\u00e1s bellas de Rep\u00fablica Dominicana. La arena es mucho m\u00e1s blanca y suave, sus aguas son m\u00e1s tranquilas, claras y profundas que las de las playas de la costa norte (Puerto Plata, Sosua, Cabarete, Playa Dorada).<\/p>\n<p>La playa de Boca Chica es realmente \u00fanica. Sus aguas se extienden en una bah\u00eda de 1,5 km de ancho. A m\u00e1s o menos 400 metros de ancho, un arrecife en forma de medialuna se extiende a trav\u00e9s de un gigante playa y al ras de la superficie del agua, cubriendo completamente la bah\u00eda y formando una gran piscina natural de agua de mar, con una profundidad media de alrededor de diez metros. El arrecife es en realidad como una presa natural en el Mar Caribe, por lo que las aguas de la bah\u00eda son a menudo tan tranquilas como las de un lago. Dentro del arrecife, el agua es de una claridad extraordinaria ya que es constantemente filtrada y alimentada por una serie de r\u00edos subterr\u00e1neos naturales. Nadar en el mar ofrece una variedad de paisajes fabulosos gracias al profundo azul celeste del Mar Caribe que se extiende m\u00e1s all\u00e1 del arrecife y crea un contraste sorprendente con la bah\u00eda poco profunda en la que, de acuerdo con la posici\u00f3n del sol, los colores cambian de azul a turquesa profundo.<\/p>\n<p>En el mar, tendr\u00e1 agua hasta los tobillos e incluso si usted se adentra un poco la profundidad no excede 1.30 m y el fondo marino est\u00e1 compuesto de arena blanca y suave. Si se acerca al centro, se encontrar\u00e1 a pocos metros de donde la profundidad alcanza 1.80 m, pero a unos cuantos pasos m\u00e1s se encontrar\u00e1 de nuevo con el agua hasta los tobillos al acercarse al arrecife natural.<\/p>\n<p>Las aguas de Boca Chica, naturalmente calmadas, claras y poco profundas son el lugar ideal para juegos acu\u00e1ticos y nataci\u00f3n. Este es el ambiente so\u00f1ado para disfrutar de canotaje, kayak, esqu\u00ed acu\u00e1tico o el \u00abbote banana\u00bb. Hay un espacio est\u00e1 reservado para motos de agua al final de la playa, lejos de los hoteles y los ba\u00f1istas, ofreciendo seguridad adicional para los ni\u00f1os peque\u00f1os. El color de la arena cambia de dorado a blanco de acuerdo a la posici\u00f3n del sol. La playa es plana e invita a dar caminatas y su anchura var\u00eda entre 40 y 100 metros. Los lugares amplios no faltan por lo que es f\u00e1cil encontrar un lugar para disfrutar del frisbee sin importar la hora o el d\u00eda que sea.<br \/>\nEl domingo, muchas familias dominicanas vienen de Santo Domingo para disfrutar de la playa por lo que est\u00e1 mucho m\u00e1s poblada, pero en la ma\u00f1ana del lunes recupera la paz una vez que se despejan los rastros dejados por la multitud del domingo. Otros d\u00edas de la semana, la playa permanece tranquila hasta el domingo siguiente, donde recibe de nuevo a sus numerosos visitantes.<\/p>\n<p>&nbsp;<\/p>\n<p><center><img loading=\"lazy\" decoding=\"async\" class=\"alignnone\" alt=\"boca_chica_islands\" src=\"\/wp-content\/uploads\/2013\/08\/boca_chica_islands.jpg\" width=\"644\" height=\"228\" \/><\/center><strong>La Matica<\/strong><\/p>\n<p>Costa afuera y dentro del arrecife se encuentran dos islas m\u00e1s peque\u00f1as. Cerca del centro hay un manglar llamado La Matica (\u00abEl \u00a0\u00a0Peque\u00f1o arbusto\u201d). Hay muy poca tierra sobre \u00e9l,\u00a0 pero alberga a miles de garzas pues lo han hecho su hogar. Muchos visitantes disfrutan de caminar en el agua hasta los bordes del manglar y m\u00e1s all\u00e1 porque el agua es poco profunda y cubre un banco de arena suave y c\u00f3modo. El agua encuentra un paso estrecho en el centro del manglar y uno se puede aventurar en barco, s\u00f3lo para ver a d\u00f3nde conduce.<\/p>\n<p><strong>Los Pinos<\/strong><\/p>\n<p>En el extremo este de la bah\u00eda, usted descubrir\u00e1 la isla de Pinos, o \u00abThe Pines\u00bb. Esta es m\u00e1s grande que la anterior y tiene mucha m\u00e1s tierra. Sus costas est\u00e1n algo contaminadas porque los visitantes dejan su basura y pocas personas son capaces de llegar a menos de 20 metros. Esto se debe en parte al hecho de que el hurac\u00e1n Georges arranc\u00f3 muchos \u00e1rboles y arbustos, lo que hace dif\u00edcil la navegaci\u00f3n, y tambi\u00e9n porque la mayor\u00eda de la gente camina descalza y en traje de ba\u00f1o. Si usted visita esta isla, aseg\u00farese de llevar un buen calzado y repelente de mosquitos.<\/p>\n<p><strong>Playa Andr\u00e9s<\/strong><\/p>\n<p>Al lado opuesto de la playa de la isla, se encuentra un antiguo molino de az\u00facar, a\u00fan en funcionamiento. Este es el principal proveedor de empleos en la ciudad de Andr\u00e9s, a menudo llamado \u00abAndr\u00e9s Boca Chica\u00bb. Cerca de all\u00ed, hay tambi\u00e9n un puerto deportivo donde muchos yates est\u00e1n anclados. Las aduanas dominicanas se encuentran tambi\u00e9n aqu\u00ed para dar atenci\u00f3n a los grandes cargamentos que llegan al puerto de Andr\u00e9s. Una playa, llamada Playa Andr\u00e9s se extiende entre el\u00a0 el puerto deportivo y la playa de Boca Chica. Recibe a pocos visitantes pero lo hace con palmeras, camastros de madera y sombrillas.<\/p>\n","protected":false},"excerpt":{"rendered":"<p>Boca Chica, Rep\u00fablica Dominicana est\u00e1 ubicada en la costa sur de la isla de La Espa\u00f1ola, compartida entre Rep\u00fablica Dominicana y Hait\u00ed. Boca Chica es una de las playas m\u00e1s bellas de Rep\u00fablica Dominicana. La arena es mucho m\u00e1s blanca y suave, sus aguas son m\u00e1s tranquilas, claras y profundas que las de las playas [&hellip;]<\/p>\n","protected":false},"author":1,"featured_media":0,"parent":0,"menu_order":0,"comment_status":"closed","ping_status":"closed","template":"","meta":{"_exactmetrics_skip_tracking":false,"_exactmetrics_sitenote_active":false,"_exactmetrics_sitenote_note":"","_exactmetrics_sitenote_category":0,"ngg_post_thumbnail":0,"footnotes":""},"class_list":["post-128","page","type-page","status-publish","hentry"],"_links":{"self":[{"href":"http:\/\/condominiums-republique-dominicaine.com\/es\/wp-json\/wp\/v2\/pages\/128","targetHints":{"allow":["GET"]}}],"collection":[{"href":"http:\/\/condominiums-republique-dominicaine.com\/es\/wp-json\/wp\/v2\/pages"}],"about":[{"href":"http:\/\/condominiums-republique-dominicaine.com\/es\/wp-json\/wp\/v2\/types\/page"}],"author":[{"embeddable":true,"href":"http:\/\/condominiums-republique-dominicaine.com\/es\/wp-json\/wp\/v2\/users\/1"}],"replies":[{"embeddable":true,"href":"http:\/\/condominiums-republique-dominicaine.com\/es\/wp-json\/wp\/v2\/comments?post=128"}],"version-history":[{"count":2,"href":"http:\/\/condominiums-republique-dominicaine.com\/es\/wp-json\/wp\/v2\/pages\/128\/revisions"}],"predecessor-version":[{"id":130,"href":"http:\/\/condominiums-republique-dominicaine.com\/es\/wp-json\/wp\/v2\/pages\/128\/revisions\/130"}],"wp:attachment":[{"href":"http:\/\/condominiums-republique-dominicaine.com\/es\/wp-json\/wp\/v2\/media?parent=128"}],"curies":[{"name":"wp","href":"https:\/\/api.w.org\/{rel}","templated":true}]}}