{"id":119,"date":"2013-09-11T12:35:53","date_gmt":"2013-09-11T16:35:53","guid":{"rendered":"http:\/\/condominiums-republique-dominicaine.com\/?page_id=119"},"modified":"2013-09-28T12:28:38","modified_gmt":"2013-09-28T16:28:38","slug":"actividades-condos-republique-dominicaine","status":"publish","type":"page","link":"http:\/\/condominiums-republique-dominicaine.com\/es\/actividades-condos-republique-dominicaine\/","title":{"rendered":"Actividades"},"content":{"rendered":"<h3><img loading=\"lazy\" decoding=\"async\" class=\"alignright size-full wp-image-67\" alt=\"golf\" src=\"\/wp-content\/uploads\/2013\/08\/golf.jpg\" width=\"288\" height=\"217\" \/>Cerca (en minutos)<\/h3>\n<ul>\n<li>Campos de Golf<\/li>\n<li>Playa Dominicana (a unos minutos caminando)<\/li>\n<li>Restaurantes (de mariscos, italianos, parrilladas)<\/li>\n<li>Acuario de la ciudad (a 20 minutos en auto)<\/li>\n<li>Parque acu\u00e1tico ideal para los ni\u00f1os de la capital (a 20 minutos en auto)<\/li>\n<li>Uno de los casinos m\u00e1s grandes de la rep\u00fablica insular<\/li>\n<\/ul>\n<table width=\"100%\">\n<tbody>\n<tr>\n<td style=\"width: 50%;\">\n<h3>Restaurantes<\/h3>\n<ul>\n<li>Pelicanos &#8211; En el Hotel Hamaca situado literalmente sobre el agua.<\/li>\n<li>Peque\u00f1a Suiza &#8211; Cocina italiana<\/li>\n<li>Neptunos\u00a0 &#8211; Sobre el agua, ofrece mariscos<\/li>\n<li>Boca Marina &#8211; En el agua, ofrece mariscos<\/li>\n<li>DaNancy &#8211; Ubicado en la parte posterior del Hotel Hamaca.<\/li>\n<li>Italia Italia &#8211; Pintoresco, ubicado en la Franja de Gaza.<\/li>\n<li>House Boat &#8211; En la playa.<\/li>\n<li>Terraza Quebec &#8211; carnes a la parrilla al aire libre.<\/li>\n<li>Burger King<\/li>\n<\/ul>\n<\/td>\n<td style=\"width: 50%;\">\n<h3>Clubs de moda<\/h3>\n<ul>\n<li>Disco El B\u00e2tey<\/li>\n<li>El Luxury<\/li>\n<li>Austria<\/li>\n<li>Isla Bonita<\/li>\n<li>La Cueva<\/li>\n<li>Laser Disco<\/li>\n<li>Madhouse<\/li>\n<li>Cosmos<\/li>\n<li>Route 66<\/li>\n<li>Tuca Tuca<\/li>\n<li>Zanzi Bar<\/li>\n<\/ul>\n<\/td>\n<\/tr>\n<\/tbody>\n<\/table>\n<h3>Vida nocturna<\/h3>\n<p><img loading=\"lazy\" decoding=\"async\" class=\"alignleft size-medium wp-image-64\" alt=\"nightlife\" src=\"\/wp-content\/uploads\/2013\/08\/nightlife-300x199.jpg\" width=\"300\" height=\"199\" srcset=\"http:\/\/condominiums-republique-dominicaine.com\/wp-content\/uploads\/2013\/08\/nightlife-300x199.jpg 300w, http:\/\/condominiums-republique-dominicaine.com\/wp-content\/uploads\/2013\/08\/nightlife.jpg 500w\" sizes=\"auto, (max-width: 300px) 100vw, 300px\" \/>La mayor parte de la vida noctura en Boca Chica transcurre en la calle Duarte, ya que est\u00e1 paralela a la playa, a una cuadra.Lugares donde la moda cambia cada temporada, pero todav\u00eda hay una constante: la vida nocturna transcurre en dos etapas, una de 19 a 23 horas y la otra de 23 a 04:00<br \/>\nPor la tarde (de 19 a 23 horas), Calle Duarte tiene un ambiente agradable. Ambos extremos de la calle se bloquean y se convierte en un camino exclusivamente peatonal. La mayor\u00eda de los restaurantes est\u00e1n abiertos y se encuentran en la acera, al aire libre. El lugar est\u00e1 lleno de gente comiendo en un extremo, o tomando una copa o balladant mientras hacen compras en los aparadores. Melod\u00edas de Merengue y Bachata, los dos g\u00e9neros m\u00e1s populares de la Rep\u00fablica Dominicana, llenan el aire. En estos momentos se encuentran turistas en su mayor\u00eda parejas, familias y ni\u00f1os peque\u00f1os. Usted tendr\u00e1 un mont\u00f3n de diversi\u00f3n y de forma segurida.<\/p>\n<p>Al acercarse la medianoche, la mayor\u00eda de los restaurantes est\u00e1n cerrando sus puertas, los turistas mayores y las familias regresan a sus hoteles y las aves nocturnas empiezan a extender sus alas. Los bares, que tambi\u00e9n instalan sus terrazas en la calle, le dan un aire de fiesta al callej\u00f3n. La mayor\u00eda son peque\u00f1os, totalmente abiertos a la calle adem\u00e1s de estar casi en su totalidad al aire libre. En varias calles hay tiendas pero pocas de ellas atraen a grandes multitudes. A las 2 de la ma\u00f1ana, la mayor\u00eda de los dominicanos que trabajan en los restaurantes locales o que viven en la ciudad o en el pueblo cercano de Andr\u00e9s comienzan a surgir y la vida nocturna de Boca Chica estalla. Si usted quiere mezclarse con los lugare\u00f1os, este es el lugar para acudir. La atm\u00f3sfera culmina alrededor de las 3 am y las 4 en punto de la multitud comienza a disminuir.<\/p>\n<p>No hay ning\u00fan c\u00f3digo de vestimenta en Boca Chica, cualquiera que sea el bar, en la calle Duarte se ven atuendos que van desde ropa elegante hasta prendas cotidianas. Muchos bares no aceptan menores de edad, pro var\u00edan las regulaciones.<\/p>\n","protected":false},"excerpt":{"rendered":"<p>Cerca (en minutos) Campos de Golf Playa Dominicana (a unos minutos caminando) Restaurantes (de mariscos, italianos, parrilladas) Acuario de la ciudad (a 20 minutos en auto) Parque acu\u00e1tico ideal para los ni\u00f1os de la capital (a 20 minutos en auto) Uno de los casinos m\u00e1s grandes de la rep\u00fablica insular Restaurantes Pelicanos &#8211; En el [&hellip;]<\/p>\n","protected":false},"author":1,"featured_media":0,"parent":0,"menu_order":0,"comment_status":"closed","ping_status":"closed","template":"","meta":{"_exactmetrics_skip_tracking":false,"_exactmetrics_sitenote_active":false,"_exactmetrics_sitenote_note":"","_exactmetrics_sitenote_category":0,"ngg_post_thumbnail":0,"footnotes":""},"class_list":["post-119","page","type-page","status-publish","hentry"],"_links":{"self":[{"href":"http:\/\/condominiums-republique-dominicaine.com\/es\/wp-json\/wp\/v2\/pages\/119","targetHints":{"allow":["GET"]}}],"collection":[{"href":"http:\/\/condominiums-republique-dominicaine.com\/es\/wp-json\/wp\/v2\/pages"}],"about":[{"href":"http:\/\/condominiums-republique-dominicaine.com\/es\/wp-json\/wp\/v2\/types\/page"}],"author":[{"embeddable":true,"href":"http:\/\/condominiums-republique-dominicaine.com\/es\/wp-json\/wp\/v2\/users\/1"}],"replies":[{"embeddable":true,"href":"http:\/\/condominiums-republique-dominicaine.com\/es\/wp-json\/wp\/v2\/comments?post=119"}],"version-history":[{"count":6,"href":"http:\/\/condominiums-republique-dominicaine.com\/es\/wp-json\/wp\/v2\/pages\/119\/revisions"}],"predecessor-version":[{"id":215,"href":"http:\/\/condominiums-republique-dominicaine.com\/es\/wp-json\/wp\/v2\/pages\/119\/revisions\/215"}],"wp:attachment":[{"href":"http:\/\/condominiums-republique-dominicaine.com\/es\/wp-json\/wp\/v2\/media?parent=119"}],"curies":[{"name":"wp","href":"https:\/\/api.w.org\/{rel}","templated":true}]}}