{"id":106,"date":"2013-09-11T12:17:04","date_gmt":"2013-09-11T16:17:04","guid":{"rendered":"http:\/\/condominiums-republique-dominicaine.com\/?page_id=106"},"modified":"2017-03-22T16:18:49","modified_gmt":"2017-03-22T20:18:49","slug":"condominios-boca-chica-republique-dominicaine","status":"publish","type":"page","link":"http:\/\/condominiums-republique-dominicaine.com\/es\/condominios-boca-chica-republique-dominicaine\/","title":{"rendered":"Condominios"},"content":{"rendered":"<table class=\"forfait\">\n<tbody>\n<tr>\n<td class=\"titre\" colspan=\"2\">\n<h2>Habitaci\u00f3n individual<\/h2>\n<\/td>\n<\/tr>\n<tr>\n<td>\n<ul>\n<li>Aire acondicionado<\/li>\n<li>Refrigerador<\/li>\n<li>Ventilador<\/li>\n<li>Cama Doble<\/li>\n<\/ul>\n<\/td>\n<td><img decoding=\"async\" class=\"alignnone\" src=\"\/wp-content\/themes\/condo-boca-chica\/img\/room_1.jpg\" alt=\"\"><\/td>\n<\/tr>\n<tr>\n<td>\n<\/td>\n<td>\n<\/td>\n<\/tr>\n<\/tbody>\n<\/table>\n<table class=\"forfait\">\n<tbody>\n<tr>\n<td class=\"titre\" colspan=\"2\">\n<h2>Mezzanine<\/h2>\n<\/td>\n<\/tr>\n<tr>\n<td>\n<ul>\n<li>Aire acondicionado<\/li>\n<li>Grande Refrigerador<\/li>\n<li>Ventilador<\/li>\n<li>Cocina peque\u00f1a *<\/li>\n<li>Cama Doble<\/li>\n<\/ul>\n<\/td>\n<td><img decoding=\"async\" class=\"alignnone\" src=\"\/wp-content\/themes\/condo-boca-chica\/img\/room_2.jpg\" alt=\"\"><\/td>\n<\/tr>\n<tr>\n<td>\n<\/td>\n<td>\n<\/td>\n<\/tr>\n<\/tbody>\n<\/table>\n<table class=\"forfait\">\n<tbody>\n<tr>\n<td class=\"titre\" colspan=\"2\">\n<h2>Mezzanine \u00abCOMFORT\u00bb<\/h2>\n<\/td>\n<\/tr>\n<tr>\n<td>\n<ul>\n<li>Aire acondicionado<\/li>\n<li>Grande Refrigerador<\/li>\n<li>Ventilador<\/li>\n<li>Cocina peque\u00f1a *<\/li>\n<li>Sal\u00f3n<\/li>\n<li>Flat TV<\/li>\n<li>DVD<\/li>\n<li>Grande Cama<\/li>\n<\/ul>\n<\/td>\n<td><img decoding=\"async\" class=\"alignnone\" src=\"\/wp-content\/themes\/condo-boca-chica\/img\/room_3.jpg\" alt=\"\"><\/td>\n<\/tr>\n<tr>\n<td>\n<\/td>\n<td>\n<\/td>\n<\/tr>\n<\/tbody>\n<\/table>\n<p>&nbsp;<\/p>\n<div class=\"clear\"><\/div>\n<p><center><strong><\/strong><\/center><center>* Las cocinas no son cocina completa, p\u00f3ngase en contacto con nosotros para m\u00e1s detalles.<\/center><\/p>\n","protected":false},"excerpt":{"rendered":"<p>Habitaci\u00f3n individual Aire acondicionado Refrigerador Ventilador Cama Doble Mezzanine Aire acondicionado Grande Refrigerador Ventilador Cocina peque\u00f1a * Cama Doble Mezzanine \u00abCOMFORT\u00bb Aire acondicionado Grande Refrigerador Ventilador Cocina peque\u00f1a * Sal\u00f3n Flat TV DVD Grande Cama &nbsp; * Las cocinas no son cocina completa, p\u00f3ngase en contacto con nosotros para m\u00e1s detalles.<\/p>\n","protected":false},"author":1,"featured_media":0,"parent":0,"menu_order":0,"comment_status":"closed","ping_status":"closed","template":"","meta":{"_exactmetrics_skip_tracking":false,"_exactmetrics_sitenote_active":false,"_exactmetrics_sitenote_note":"","_exactmetrics_sitenote_category":0,"ngg_post_thumbnail":0,"footnotes":""},"class_list":["post-106","page","type-page","status-publish","hentry"],"_links":{"self":[{"href":"http:\/\/condominiums-republique-dominicaine.com\/es\/wp-json\/wp\/v2\/pages\/106","targetHints":{"allow":["GET"]}}],"collection":[{"href":"http:\/\/condominiums-republique-dominicaine.com\/es\/wp-json\/wp\/v2\/pages"}],"about":[{"href":"http:\/\/condominiums-republique-dominicaine.com\/es\/wp-json\/wp\/v2\/types\/page"}],"author":[{"embeddable":true,"href":"http:\/\/condominiums-republique-dominicaine.com\/es\/wp-json\/wp\/v2\/users\/1"}],"replies":[{"embeddable":true,"href":"http:\/\/condominiums-republique-dominicaine.com\/es\/wp-json\/wp\/v2\/comments?post=106"}],"version-history":[{"count":13,"href":"http:\/\/condominiums-republique-dominicaine.com\/es\/wp-json\/wp\/v2\/pages\/106\/revisions"}],"predecessor-version":[{"id":333,"href":"http:\/\/condominiums-republique-dominicaine.com\/es\/wp-json\/wp\/v2\/pages\/106\/revisions\/333"}],"wp:attachment":[{"href":"http:\/\/condominiums-republique-dominicaine.com\/es\/wp-json\/wp\/v2\/media?parent=106"}],"curies":[{"name":"wp","href":"https:\/\/api.w.org\/{rel}","templated":true}]}}